
{"id":23760,"date":"2021-04-22T12:21:54","date_gmt":"2021-04-22T10:21:54","guid":{"rendered":"https:\/\/aibe.lt\/?page_id=23760"},"modified":"2021-04-27T14:18:43","modified_gmt":"2021-04-27T12:18:43","slug":"adresai","status":"publish","type":"page","link":"https:\/\/aibe.lv\/lt\/adresai\/","title":{"rendered":"Leidinyje esan\u010dias prekes, nepa\u017eym\u0117tas kar\u016bna, rasite \u0161iose parduotuv\u0117se:"},"content":{"rendered":"<p><strong><u>Alytus:<\/u><\/strong> Jazmin\u0173 g. 1; Statybinink\u0173 g. 5 \/Topoli\u0173 g. 2<\/p>\n<p><strong><u>Alytaus r.:<\/u><\/strong> Turgaus a. 22, Daugai; Vytauto g. 30, Simnas; Vytauto g. 17, Butrimonys<\/p>\n<p><strong><u>Anyk\u0161\u010diai:<\/u><\/strong> Statybinink\u0173 g. 11; Vilniaus g. 3<\/p>\n<p><strong><u>Anyk\u0161\u010di\u0173 r.:<\/u><\/strong> Ber\u017e\u0173 g. 1, Sta\u0161k\u016bni\u0161kio k.; Respublikos g. 11, Kavarskas; Vai\u017eganto g. 18, Sv\u0117dasai, Vytauto g. 22, Vie\u0161intos<\/p>\n<p><strong><u>Bir\u017eai:<\/u><\/strong> Vilniaus g. 22A<\/p>\n<p><strong><u>Druskinink\u0173 r.:<\/u><\/strong> Al\u0117jos g. 5, Leipalingis<\/p>\n<p><strong><u>Elektr\u0117n\u0173 r.:<\/u><\/strong> Trak\u0173 g. 86, Semeli\u0161k\u0117s<\/p>\n<p><strong><u>Garg\u017edai<\/u><\/strong>: Pu\u0161\u0173 g. 40; J. Basanavi\u010diaus g. 79; Janonio g. 20; Vasario 16-ios g. 45a<\/p>\n<p><strong><u>Jonavos r.:<\/u><\/strong> Jaunyst\u0117s g. 6, Upnink\u0173 k.; Mindaugo g. 5, Rukla; Kauno g. 24, Kulvos k.; Kauno g. 45, \u017deimiai; Ukmerg\u0117s g. 3, Bulkoni\u0173 k.<\/p>\n<p><strong><u>Jurbarkas:<\/u><\/strong> S. Daukanto g. 11<\/p>\n<p><strong><u>Jurbarko r.:<\/u><\/strong> J. Dargu\u017eio g. 20, Vad\u017egirys; Daug\u0117los g. 1, Klausu\u010di\u0173 k.; Ateities g. 2, Gird\u017eiai; Ryto g. 1, Jurbark\u0173 k.<\/p>\n<p><strong><u>Kai\u0161iadorys:<\/u><\/strong> Gedimino g. 34; Vytauto Did\u017eiojo g. 35<\/p>\n<p><strong><u>Kai\u0161iadori\u0173 r.: <\/u><\/strong>Kalvi\u0173 g. 1, Kruonis<\/p>\n<p><strong><u>Kaunas:<\/u><\/strong> Taikos per. 113; Vytenio g. 22, Veiveri\u0173 g. 25<\/p>\n<p><strong><u>Kauno r.:<\/u><\/strong> Mokslo g. 11, Mastai\u010di\u0173 k.; Keramik\u0173 g. 7, Neveronys; Kauno g. 51, Vilkija<\/p>\n<p><strong><u>K\u0117dainiai:<\/u><\/strong> Dauk\u0161os g. 55; \u0160\u0117tos g. 118<\/p>\n<p><strong><u>K\u0117daini\u0173 r.:<\/u><\/strong> Dariaus ir Gir\u0117no g. 1, Krak\u0117; Liep\u0173 al. 16, Lan\u010di\u016bnava; Barup4s g. 7, Lab\u016bnava; P\u0117d\u017ei\u0173 g. 1, Noci\u016bnai, J. Ju\u0161kyt\u0117s g. 21, Pernaravos k.<\/p>\n<p><strong><u>Kelm\u0117: <\/u><\/strong>Vytauto Did\u017eiojo g. 51<\/p>\n<p><strong><u>Klaip\u0117da:<\/u><\/strong> Taikos pr. 100; Taikos pr. 81A; V. Berbomo g. 2; \u017dardinink\u0173 g. 27A.<\/p>\n<p><strong><u>Klaip\u0117dos r.:<\/u><\/strong> Mokyklos g. 4, Dreverna; Garg\u017ed\u0173 g. 29, V\u0117\u017eai\u010dia; Garg\u017ed\u0173 g. 3, Dovil\u0173 k.; Veivir\u017e\u0117n\u0173 g. 1 \/ G\u0117li\u0173 g. 20, Endriejavas; Pami\u0161k\u0117s g. 2a, Ketvergiai; Bi\u010di\u0173 g. 37, Jak\u0173 k.<\/p>\n<p><strong><u>Kretinga:<\/u><\/strong> K\u0119stu\u010dio g. 35; Laisv\u0117s g. 6A; Minijos g. 1, Melioratori\u0173 g. 59<\/p>\n<p><strong><u>Kretingos r.:<\/u><\/strong> Mokyklos g. 3, K\u016blup\u0117nai; Gintaro g. 9, Vydmantai; G\u0117li\u0173 6-oji g. 9, Kuli\u0173 k.<\/p>\n<p><strong><u>Kupi\u0161kis:<\/u><\/strong> \u017dekonio g. 1-1, Vytauto g. 43<\/p>\n<p><strong><u>Kupi\u0161kio r.:<\/u><\/strong> Vil\u0117ni\u0161kio g. 5, Adomyn\u0117; Melioratori\u0173 g. 2, Nori\u016bnai; Bir\u017e\u0173 g. 19-1, Suba\u010dius; Ber\u017eyt\u0117s g. 1, Lukoni\u0173 k.<\/p>\n<p><strong><u>Lazdijai:<\/u><\/strong> Sein\u0173 g. 8\/Gustai\u010dio g. 8<\/p>\n<p><strong><u>Lazdij\u0173 r.:<\/u><\/strong> Neimonto g. 1, Veisiejai<\/p>\n<p><strong><u>Marijampol\u0117:<\/u><\/strong> R. Juknevi\u010diaus g. 84; Vytauto g. 65\/Vytenio g. 2<\/p>\n<p><strong><u>Marijampol\u0117s r.:<\/u><\/strong> Vytauto g. 9, Igliauka; \u0160e\u0161up\u0117s g. 1, Neti\u010dkampio k., S\u016bduvos g. 46c, Sasnava<\/p>\n<p><strong><u>Ma\u017eeikiai:<\/u><\/strong> Algirdo g. 2<\/p>\n<p><strong><u>Ma\u017eeiki\u0173 r.:<\/u><\/strong> Dariaus ir Gir\u0117no g. 11, Tirk\u0161liai; Tilto g. 5, Viek\u0161niai, V Gadono g. 1, Seda<\/p>\n<p><strong><u>Nemen\u010din\u0117:<\/u><\/strong> \u0160ven\u010dioni\u0173 g. 23<\/p>\n<p><strong><u>Pag\u0117giai:<\/u><\/strong> Birut\u0117s g. 2; Birut\u0117s g. 6; \u017demai\u010di\u0173 g. 11<\/p>\n<p><strong><u>Pag\u0117gi\u0173 r.:<\/u><\/strong> Klaip\u0117dos g. 21, Stoni\u0161kiai<\/p>\n<p><strong><u>Palanga:<\/u><\/strong> Sod\u0173 g. 14B<\/p>\n<p><strong><u>Panev\u0117\u017eys:<\/u><\/strong> Auk\u0161tai\u010di\u0173 g. 35; Ber\u017e\u0173 g. 52A; Kniaudi\u0161ki\u0173 g. 41b; Ramuni\u0173 skg. Nr. 1; Tulpi\u0173 g. 13A, Ramygalos g. 90; Nemuno g. 80A<\/p>\n<p><strong><u>Panev\u0117\u017eio r.:<\/u><\/strong> Ba\u017eny\u010dios g. 2, Ramygala, Nepriklausomyb\u0117s a. 1, Upyt\u0117; Laisv\u0117s g. 19, Raguva<\/p>\n<p><strong><u>Pasvalio r.:<\/u><\/strong> Pasvalio g. 1, Pump\u0117nai<\/p>\n<p><strong><u>Plung\u0117:<\/u><\/strong> Dariaus ir Gir\u0117no g. 33; Birut\u0117s g. 67A; Stoties g. 30<\/p>\n<p><strong><u>Plung\u0117s r.:<\/u><\/strong> \u017demait\u0117s g. 4, Plateliai; Gard\u0173 al. 6, \u017demai\u010di\u0173 Kalvarija; Varduvos g. 2B, Als\u0117d\u017eiai<\/p>\n<p><strong><u>Prien\u0173 r.:<\/u><\/strong> Kauno g. 46-1, Veiveriai<\/p>\n<p><strong><u>Radvili\u0161kio r.: <\/u><\/strong>Ber\u017e\u0173 g.1, Grinki\u0161kis; Dvaro g. 11, Pa\u0161u\u0161vys<\/p>\n<p><strong><u>Raseini\u0173 r.:<\/u><\/strong> K\u0119stu\u010dio g. 12, Vidukl\u0117, K\u0119stu\u010dio g. 37, Vidukl\u0117; Akacij\u0173 g. 8, Norg\u0117lai; \u017demai\u010di\u0173 pl. 13, Vidukl\u0117s gl\u017ek. st.<\/p>\n<p><strong><u>Roki\u0161kis:<\/u><\/strong> Au\u0161rin\u0117s g. 16<\/p>\n<p><strong><u>Roki\u0161kio r.:<\/u><\/strong> Sirvydo g. 18, J\u016b\u017eintai; Sal\u0173 g. 10, Kamajai; Vytauto g. 14, Obeliai; Pergal\u0117s g. 4, Panemun\u0117lio gl\u017ek. st.; Klaip\u0117dos g. 2A, Pand\u0117lys<\/p>\n<p><strong><u>Senoji Var\u0117na:<\/u><\/strong> Vytauto g. 168.<\/p>\n<p><strong><u>Skuodo r.:<\/u><\/strong> S. Daukanto g. 44, Lenkimai; Dariau ir Gir\u0117no g. 6, Ylakiai<\/p>\n<p><strong><u>\u0160akiai:<\/u><\/strong> V. Kudirkos g. 61\/1<\/p>\n<p><strong><u>\u0160aki\u0173 r.:<\/u><\/strong> Jablonskio g. 1A, Gri\u0161kab\u016bdis; Mokyklos g. 10, Kriukai; \u0160akiu g. 1, Draugyst\u0117s g. 51, Lek\u0117\u010diai; Nemuno g. 70A, Kiduliai; P. Vai\u010dai\u010dio g. 30, Sintautai; Taikos g. 66, Gelgaudi\u0161kis<\/p>\n<p><strong><u>\u0160ilal\u0117:<\/u><\/strong> Basanavi\u010diaus g. 3.<\/p>\n<p><strong><u>\u0160ilal\u0117s r.:<\/u><\/strong> Dariaus ir Gir\u0117no g. 14, Kv\u0117darna; \u017dalioji g. 4, Kv\u0117darna; Nepriklausomyb\u0117s g. 41, Upyna; J\u016bros g. 21, Paj\u016bralio k.; Dariaus ir Gir\u0117no g. 43, Paj\u016bris<\/p>\n<p><strong><u>\u0160ilut\u0117: <\/u><\/strong>Komunar\u0173 g. 23 \/Dz\u016bk\u0173 g. 24; Til\u017e\u0117s g. 31<\/p>\n<p><strong><u>\u0160ilut\u0117s r.:<\/u><\/strong> Mirglono g. 3, Degu\u010di\u0173 k.; \u0160iloko g. 1, Juknai\u010diai; Kur\u0161i\u0173 g. 29, Kintai; Taikos g. 1, Rusn\u0117; \u0160ilut\u0117s g. 4, Rusnel\u0117; Ma\u017eosios Lietuvos g. 5, Saugos; Baranausko g. 4, Vainutas; Baranausko g. 29, Vainutas; Vilky\u010di\u0173 g. 2, Vilky\u010di\u0173 k.; Laisv\u0117s g. 2, \u017demai\u010di\u0173 Naumiestis; Ateities g. 11, Pa\u0161y\u0161i\u0173 k.; Turgaus a.3, Katy\u010di\u0173 k.; Ber\u017e\u0173 g. 3, Degu\u010di\u0173 k., Ti\u017e\u0117s g. 3, Us\u0117n\u0173 k.; Ver\u017e\u0117s g. 2, Us\u0117n\u0173 k.<\/p>\n<p><strong><u>Taurag\u0117:<\/u><\/strong> Laisv\u0117s g. 159; Vytauto g. 14<\/p>\n<p><strong><u>Taurag\u0117s r.:<\/u><\/strong> Til\u017e\u0117s g. 26, Lauksargiai; Knygne\u0161i\u0173 g. 9, Sartinink\u0173 k.<\/p>\n<p><strong><u>Tel\u0161iai:<\/u><\/strong> Rambyno g. 18-2<\/p>\n<p><strong><u>Trak\u0173 r.:<\/u><\/strong> Trumpoji g. 1, Onu\u0161kis.<\/p>\n<p><strong><u>Utena:<\/u><\/strong> Vai\u017eganto g.17; Basanavi\u010diaus g. 93B; Taikos g.2; Basanavi\u010diaus g. 53<\/p>\n<p><strong><u>Var\u0117nos r.:<\/u><\/strong> Kalno g. 4, Matuizos; Vilniaus g. 37, Valkininkai; Mi\u0161kinink\u0173 g. 2, Marcinkonys, V. Sladkevi\u010diaus g. 2, Merkin\u0117<\/p>\n<p><strong><u>Vievis:<\/u><\/strong> Semeli\u0161ki\u0173 g. 33A<\/p>\n<p><strong><u>Vilkavi\u0161kis:<\/u><\/strong> J. Basanavi\u010diaus g. 34<\/p>\n<p><strong><u>Vilnius:<\/u><\/strong> Erfurto g. 1; Giedrai\u010di\u0173 g. 85, Giruli\u0173 g. 12; Panev\u0117\u017eio g. 15; Kalvarij\u0173 g. 61<\/p>\n<p><strong><u>Vilniaus r.:<\/u><\/strong> Kenos g. 17, Kalveliai; Sod\u0173 g. 10A, Kalveliai; Vilniaus g. 22, \u0160umskas, Vilniaus g. 17A, Mick\u016bnai; Gamyklos g. 2, Rudamina<\/p>\n<p><strong><u>Zarasai:<\/u><\/strong> Vilniaus g. 7<\/p>\n<p><strong><u>Zaras\u0173 r.:<\/u><\/strong> Duset\u0173 g. 36, Antaliept\u0117; Nepriklausomyb\u0117s a. 8, Dusetos; Nepriklausomyb\u0117s a. 10, Dusetos, Laisvoji a. 8, Salakas<\/p>\n<p>&nbsp;<\/p>\n","protected":false},"excerpt":{"rendered":"<p>Alytus: Jazmin\u0173 g. 1; Statybinink\u0173 g. 5 \/Topoli\u0173 g. 2 Alytaus r.: Turgaus a. 22, Daugai; Vytauto g. 30, Simnas; Vytauto g. 17, Butrimonys Anyk\u0161\u010diai: Statybinink\u0173 g. 11; Vilniaus g. 3 Anyk\u0161\u010di\u0173 r.: Ber\u017e\u0173 g. 1, Sta\u0161k\u016bni\u0161kio k.; Respublikos g. 11, Kavarskas; Vai\u017eganto g. 18, Sv\u0117dasai, Vytauto g. 22, Vie\u0161intos Bir\u017eai: Vilniaus g. 22A Druskinink\u0173 [&hellip;]<\/p>\n","protected":false},"author":3175,"featured_media":0,"parent":0,"menu_order":0,"comment_status":"closed","ping_status":"closed","template":"template-textpage.php","meta":{"_acf_changed":false,"footnotes":""},"class_list":["post-23760","page","type-page","status-publish","hentry"],"acf":[],"yoast_head":"<!-- This site is optimized with the Yoast SEO plugin v27.2 - https:\/\/yoast.com\/product\/yoast-seo-wordpress\/ -->\n<title>Leidinyje esan\u010dias prekes, nepa\u017eym\u0117tas kar\u016bna, rasite \u0161iose parduotuv\u0117se: | AIB\u0116<\/title>\n<meta name=\"robots\" content=\"index, follow, max-snippet:-1, max-image-preview:large, max-video-preview:-1\" \/>\n<link rel=\"canonical\" href=\"https:\/\/aibe.lv\/adresai\/\" \/>\n<meta property=\"og:locale\" content=\"lt_LT\" \/>\n<meta property=\"og:type\" content=\"article\" \/>\n<meta property=\"og:title\" content=\"Leidinyje esan\u010dias prekes, nepa\u017eym\u0117tas kar\u016bna, rasite \u0161iose parduotuv\u0117se: | AIB\u0116\" \/>\n<meta property=\"og:description\" content=\"Alytus: Jazmin\u0173 g. 1; Statybinink\u0173 g. 5 \/Topoli\u0173 g. 2 Alytaus r.: Turgaus a. 22, Daugai; Vytauto g. 30, Simnas; Vytauto g. 17, Butrimonys Anyk\u0161\u010diai: Statybinink\u0173 g. 11; Vilniaus g. 3 Anyk\u0161\u010di\u0173 r.: Ber\u017e\u0173 g. 1, Sta\u0161k\u016bni\u0161kio k.; Respublikos g. 11, Kavarskas; Vai\u017eganto g. 18, Sv\u0117dasai, Vytauto g. 22, Vie\u0161intos Bir\u017eai: Vilniaus g. 22A Druskinink\u0173 [&hellip;]\" \/>\n<meta property=\"og:url\" content=\"https:\/\/aibe.lv\/adresai\/\" \/>\n<meta property=\"og:site_name\" content=\"AIB\u0116\" \/>\n<meta property=\"article:modified_time\" content=\"2021-04-27T12:18:43+00:00\" \/>\n<meta name=\"twitter:card\" content=\"summary_large_image\" \/>\n<meta name=\"twitter:label1\" content=\"Est. reading time\" \/>\n\t<meta name=\"twitter:data1\" content=\"4 minut\u0117s\" \/>\n<script type=\"application\/ld+json\" class=\"yoast-schema-graph\">{\"@context\":\"https:\/\/schema.org\",\"@graph\":[{\"@type\":\"WebPage\",\"@id\":\"https:\/\/aibe.lv\/adresai\/\",\"url\":\"https:\/\/aibe.lv\/adresai\/\",\"name\":\"Leidinyje esan\u010dias prekes, nepa\u017eym\u0117tas kar\u016bna, rasite \u0161iose parduotuv\u0117se: | AIB\u0116\",\"isPartOf\":{\"@id\":\"https:\/\/aibe.lv\/#website\"},\"datePublished\":\"2021-04-22T10:21:54+00:00\",\"dateModified\":\"2021-04-27T12:18:43+00:00\",\"breadcrumb\":{\"@id\":\"https:\/\/aibe.lv\/adresai\/#breadcrumb\"},\"inLanguage\":\"lt-LT\",\"potentialAction\":[{\"@type\":\"ReadAction\",\"target\":[\"https:\/\/aibe.lv\/adresai\/\"]}]},{\"@type\":\"BreadcrumbList\",\"@id\":\"https:\/\/aibe.lv\/adresai\/#breadcrumb\",\"itemListElement\":[{\"@type\":\"ListItem\",\"position\":1,\"name\":\"Home\",\"item\":\"https:\/\/aibe.lv\/lt\/\"},{\"@type\":\"ListItem\",\"position\":2,\"name\":\"Leidinyje esan\u010dias prekes, nepa\u017eym\u0117tas kar\u016bna, rasite \u0161iose parduotuv\u0117se:\"}]},{\"@type\":\"WebSite\",\"@id\":\"https:\/\/aibe.lv\/#website\",\"url\":\"https:\/\/aibe.lv\/\",\"name\":\"AIB\u0116\",\"description\":\"J\u016bs\u0173 kaimynai!\",\"potentialAction\":[{\"@type\":\"SearchAction\",\"target\":{\"@type\":\"EntryPoint\",\"urlTemplate\":\"https:\/\/aibe.lv\/?s={search_term_string}\"},\"query-input\":{\"@type\":\"PropertyValueSpecification\",\"valueRequired\":true,\"valueName\":\"search_term_string\"}}],\"inLanguage\":\"lt-LT\"}]}<\/script>\n<!-- \/ Yoast SEO plugin. -->","yoast_head_json":{"title":"Leidinyje esan\u010dias prekes, nepa\u017eym\u0117tas kar\u016bna, rasite \u0161iose parduotuv\u0117se: | AIB\u0116","robots":{"index":"index","follow":"follow","max-snippet":"max-snippet:-1","max-image-preview":"max-image-preview:large","max-video-preview":"max-video-preview:-1"},"canonical":"https:\/\/aibe.lv\/adresai\/","og_locale":"lt_LT","og_type":"article","og_title":"Leidinyje esan\u010dias prekes, nepa\u017eym\u0117tas kar\u016bna, rasite \u0161iose parduotuv\u0117se: | AIB\u0116","og_description":"Alytus: Jazmin\u0173 g. 1; Statybinink\u0173 g. 5 \/Topoli\u0173 g. 2 Alytaus r.: Turgaus a. 22, Daugai; Vytauto g. 30, Simnas; Vytauto g. 17, Butrimonys Anyk\u0161\u010diai: Statybinink\u0173 g. 11; Vilniaus g. 3 Anyk\u0161\u010di\u0173 r.: Ber\u017e\u0173 g. 1, Sta\u0161k\u016bni\u0161kio k.; Respublikos g. 11, Kavarskas; Vai\u017eganto g. 18, Sv\u0117dasai, Vytauto g. 22, Vie\u0161intos Bir\u017eai: Vilniaus g. 22A Druskinink\u0173 [&hellip;]","og_url":"https:\/\/aibe.lv\/adresai\/","og_site_name":"AIB\u0116","article_modified_time":"2021-04-27T12:18:43+00:00","twitter_card":"summary_large_image","twitter_misc":{"Est. reading time":"4 minut\u0117s"},"schema":{"@context":"https:\/\/schema.org","@graph":[{"@type":"WebPage","@id":"https:\/\/aibe.lv\/adresai\/","url":"https:\/\/aibe.lv\/adresai\/","name":"Leidinyje esan\u010dias prekes, nepa\u017eym\u0117tas kar\u016bna, rasite \u0161iose parduotuv\u0117se: | AIB\u0116","isPartOf":{"@id":"https:\/\/aibe.lv\/#website"},"datePublished":"2021-04-22T10:21:54+00:00","dateModified":"2021-04-27T12:18:43+00:00","breadcrumb":{"@id":"https:\/\/aibe.lv\/adresai\/#breadcrumb"},"inLanguage":"lt-LT","potentialAction":[{"@type":"ReadAction","target":["https:\/\/aibe.lv\/adresai\/"]}]},{"@type":"BreadcrumbList","@id":"https:\/\/aibe.lv\/adresai\/#breadcrumb","itemListElement":[{"@type":"ListItem","position":1,"name":"Home","item":"https:\/\/aibe.lv\/lt\/"},{"@type":"ListItem","position":2,"name":"Leidinyje esan\u010dias prekes, nepa\u017eym\u0117tas kar\u016bna, rasite \u0161iose parduotuv\u0117se:"}]},{"@type":"WebSite","@id":"https:\/\/aibe.lv\/#website","url":"https:\/\/aibe.lv\/","name":"AIB\u0116","description":"J\u016bs\u0173 kaimynai!","potentialAction":[{"@type":"SearchAction","target":{"@type":"EntryPoint","urlTemplate":"https:\/\/aibe.lv\/?s={search_term_string}"},"query-input":{"@type":"PropertyValueSpecification","valueRequired":true,"valueName":"search_term_string"}}],"inLanguage":"lt-LT"}]}},"_links":{"self":[{"href":"https:\/\/aibe.lv\/lt\/wp-json\/wp\/v2\/pages\/23760","targetHints":{"allow":["GET"]}}],"collection":[{"href":"https:\/\/aibe.lv\/lt\/wp-json\/wp\/v2\/pages"}],"about":[{"href":"https:\/\/aibe.lv\/lt\/wp-json\/wp\/v2\/types\/page"}],"author":[{"embeddable":true,"href":"https:\/\/aibe.lv\/lt\/wp-json\/wp\/v2\/users\/3175"}],"replies":[{"embeddable":true,"href":"https:\/\/aibe.lv\/lt\/wp-json\/wp\/v2\/comments?post=23760"}],"version-history":[{"count":0,"href":"https:\/\/aibe.lv\/lt\/wp-json\/wp\/v2\/pages\/23760\/revisions"}],"wp:attachment":[{"href":"https:\/\/aibe.lv\/lt\/wp-json\/wp\/v2\/media?parent=23760"}],"curies":[{"name":"wp","href":"https:\/\/api.w.org\/{rel}","templated":true}]}}