
{"id":34245,"date":"2022-04-29T12:08:19","date_gmt":"2022-04-29T10:08:19","guid":{"rendered":"https:\/\/aibe.lt\/?page_id=34245"},"modified":"2022-08-31T07:15:32","modified_gmt":"2022-08-31T05:15:32","slug":"aibe-leeedu","status":"publish","type":"page","link":"https:\/\/aibe.lv\/lt\/aibe-leeedu\/","title":{"rendered":"AIB\u0116 LEEED\u0172"},"content":{"rendered":"","protected":false},"excerpt":{"rendered":"","protected":false},"author":1,"featured_media":0,"parent":0,"menu_order":0,"comment_status":"closed","ping_status":"closed","template":"template-best-to-home.php","meta":{"_acf_changed":false,"footnotes":""},"class_list":["post-34245","page","type-page","status-publish","hentry"],"acf":[],"yoast_head":"<!-- This site is optimized with the Yoast SEO plugin v27.2 - https:\/\/yoast.com\/product\/yoast-seo-wordpress\/ -->\n<title>AIB\u0116 LEEED\u0172 | AIB\u0116<\/title>\n<meta name=\"robots\" content=\"index, follow, max-snippet:-1, max-image-preview:large, max-video-preview:-1\" \/>\n<link rel=\"canonical\" href=\"https:\/\/aibe.lv\/lt\/aibe-leeedu\/\" \/>\n<meta property=\"og:locale\" content=\"lt_LT\" \/>\n<meta property=\"og:type\" content=\"article\" \/>\n<meta property=\"og:title\" content=\"AIB\u0116 LEEED\u0172 | AIB\u0116\" \/>\n<meta property=\"og:url\" content=\"https:\/\/aibe.lv\/lt\/aibe-leeedu\/\" \/>\n<meta property=\"og:site_name\" content=\"AIB\u0116\" \/>\n<meta property=\"article:modified_time\" content=\"2022-08-31T05:15:32+00:00\" \/>\n<meta name=\"twitter:card\" content=\"summary_large_image\" \/>\n<script type=\"application\/ld+json\" class=\"yoast-schema-graph\">{\"@context\":\"https:\/\/schema.org\",\"@graph\":[{\"@type\":\"WebPage\",\"@id\":\"https:\/\/aibe.lv\/lt\/aibe-leeedu\/\",\"url\":\"https:\/\/aibe.lv\/lt\/aibe-leeedu\/\",\"name\":\"AIB\u0116 LEEED\u0172 | AIB\u0116\",\"isPartOf\":{\"@id\":\"https:\/\/aibe.lv\/#website\"},\"datePublished\":\"2022-04-29T10:08:19+00:00\",\"dateModified\":\"2022-08-31T05:15:32+00:00\",\"breadcrumb\":{\"@id\":\"https:\/\/aibe.lv\/lt\/aibe-leeedu\/#breadcrumb\"},\"inLanguage\":\"lt-LT\",\"potentialAction\":[{\"@type\":\"ReadAction\",\"target\":[\"https:\/\/aibe.lv\/lt\/aibe-leeedu\/\"]}]},{\"@type\":\"BreadcrumbList\",\"@id\":\"https:\/\/aibe.lv\/lt\/aibe-leeedu\/#breadcrumb\",\"itemListElement\":[{\"@type\":\"ListItem\",\"position\":1,\"name\":\"Home\",\"item\":\"https:\/\/aibe.lv\/lt\/\"},{\"@type\":\"ListItem\",\"position\":2,\"name\":\"AIB\u0116 LEEED\u0172\"}]},{\"@type\":\"WebSite\",\"@id\":\"https:\/\/aibe.lv\/#website\",\"url\":\"https:\/\/aibe.lv\/\",\"name\":\"AIB\u0116\",\"description\":\"J\u016bs\u0173 kaimynai!\",\"potentialAction\":[{\"@type\":\"SearchAction\",\"target\":{\"@type\":\"EntryPoint\",\"urlTemplate\":\"https:\/\/aibe.lv\/?s={search_term_string}\"},\"query-input\":{\"@type\":\"PropertyValueSpecification\",\"valueRequired\":true,\"valueName\":\"search_term_string\"}}],\"inLanguage\":\"lt-LT\"}]}<\/script>\n<!-- \/ Yoast SEO plugin. -->","yoast_head_json":{"title":"AIB\u0116 LEEED\u0172 | AIB\u0116","robots":{"index":"index","follow":"follow","max-snippet":"max-snippet:-1","max-image-preview":"max-image-preview:large","max-video-preview":"max-video-preview:-1"},"canonical":"https:\/\/aibe.lv\/lt\/aibe-leeedu\/","og_locale":"lt_LT","og_type":"article","og_title":"AIB\u0116 LEEED\u0172 | AIB\u0116","og_url":"https:\/\/aibe.lv\/lt\/aibe-leeedu\/","og_site_name":"AIB\u0116","article_modified_time":"2022-08-31T05:15:32+00:00","twitter_card":"summary_large_image","schema":{"@context":"https:\/\/schema.org","@graph":[{"@type":"WebPage","@id":"https:\/\/aibe.lv\/lt\/aibe-leeedu\/","url":"https:\/\/aibe.lv\/lt\/aibe-leeedu\/","name":"AIB\u0116 LEEED\u0172 | AIB\u0116","isPartOf":{"@id":"https:\/\/aibe.lv\/#website"},"datePublished":"2022-04-29T10:08:19+00:00","dateModified":"2022-08-31T05:15:32+00:00","breadcrumb":{"@id":"https:\/\/aibe.lv\/lt\/aibe-leeedu\/#breadcrumb"},"inLanguage":"lt-LT","potentialAction":[{"@type":"ReadAction","target":["https:\/\/aibe.lv\/lt\/aibe-leeedu\/"]}]},{"@type":"BreadcrumbList","@id":"https:\/\/aibe.lv\/lt\/aibe-leeedu\/#breadcrumb","itemListElement":[{"@type":"ListItem","position":1,"name":"Home","item":"https:\/\/aibe.lv\/lt\/"},{"@type":"ListItem","position":2,"name":"AIB\u0116 LEEED\u0172"}]},{"@type":"WebSite","@id":"https:\/\/aibe.lv\/#website","url":"https:\/\/aibe.lv\/","name":"AIB\u0116","description":"J\u016bs\u0173 kaimynai!","potentialAction":[{"@type":"SearchAction","target":{"@type":"EntryPoint","urlTemplate":"https:\/\/aibe.lv\/?s={search_term_string}"},"query-input":{"@type":"PropertyValueSpecification","valueRequired":true,"valueName":"search_term_string"}}],"inLanguage":"lt-LT"}]}},"_links":{"self":[{"href":"https:\/\/aibe.lv\/lt\/wp-json\/wp\/v2\/pages\/34245","targetHints":{"allow":["GET"]}}],"collection":[{"href":"https:\/\/aibe.lv\/lt\/wp-json\/wp\/v2\/pages"}],"about":[{"href":"https:\/\/aibe.lv\/lt\/wp-json\/wp\/v2\/types\/page"}],"author":[{"embeddable":true,"href":"https:\/\/aibe.lv\/lt\/wp-json\/wp\/v2\/users\/1"}],"replies":[{"embeddable":true,"href":"https:\/\/aibe.lv\/lt\/wp-json\/wp\/v2\/comments?post=34245"}],"version-history":[{"count":10,"href":"https:\/\/aibe.lv\/lt\/wp-json\/wp\/v2\/pages\/34245\/revisions"}],"predecessor-version":[{"id":36836,"href":"https:\/\/aibe.lv\/lt\/wp-json\/wp\/v2\/pages\/34245\/revisions\/36836"}],"wp:attachment":[{"href":"https:\/\/aibe.lv\/lt\/wp-json\/wp\/v2\/media?parent=34245"}],"curies":[{"name":"wp","href":"https:\/\/api.w.org\/{rel}","templated":true}]}}