
{"id":572,"date":"2020-01-22T11:59:38","date_gmt":"2020-01-22T11:59:38","guid":{"rendered":"https:\/\/test.aibe.lt\/?page_id=572"},"modified":"2022-08-26T11:52:48","modified_gmt":"2022-08-26T09:52:48","slug":"kodel-verta-tapti-aibes-nariu","status":"publish","type":"page","link":"https:\/\/aibe.lv\/lt\/apie-mus\/kodel-verta-tapti-aibes-nariu\/","title":{"rendered":"Kod\u0117l verta tapti Aib\u0117s nariu"},"content":{"rendered":"","protected":false},"excerpt":{"rendered":"","protected":false},"author":1,"featured_media":0,"parent":493,"menu_order":0,"comment_status":"closed","ping_status":"closed","template":"template-about-why-member.php","meta":{"_acf_changed":false,"footnotes":""},"class_list":["post-572","page","type-page","status-publish","hentry"],"acf":[],"yoast_head":"<!-- This site is optimized with the Yoast SEO plugin v27.2 - https:\/\/yoast.com\/product\/yoast-seo-wordpress\/ -->\n<title>Kod\u0117l verta tapti Aib\u0117s nariu | AIB\u0116<\/title>\n<meta name=\"description\" content=\"Did\u017eiausias parduotuvi\u0173 skai\u010diumi Lietuvoje ir Latvijoje prekybos \u012fmoni\u0173 aljansas AIB\u0116, vienija daugiau nei 1400 parduotuvi\u0173 Lietuvoje ir Latvijoje.\" \/>\n<meta name=\"robots\" content=\"index, follow, max-snippet:-1, max-image-preview:large, max-video-preview:-1\" \/>\n<link rel=\"canonical\" href=\"https:\/\/aibe.lv\/par-mums\/kadel-klut-par-aibe-partneri\/\" \/>\n<meta property=\"og:locale\" content=\"lt_LT\" \/>\n<meta property=\"og:type\" content=\"article\" \/>\n<meta property=\"og:title\" content=\"Kod\u0117l verta tapti Aib\u0117s nariu | AIB\u0116\" \/>\n<meta property=\"og:description\" content=\"Did\u017eiausias parduotuvi\u0173 skai\u010diumi Lietuvoje ir Latvijoje prekybos \u012fmoni\u0173 aljansas AIB\u0116, vienija daugiau nei 1400 parduotuvi\u0173 Lietuvoje ir Latvijoje.\" \/>\n<meta property=\"og:url\" content=\"https:\/\/aibe.lv\/par-mums\/kadel-klut-par-aibe-partneri\/\" \/>\n<meta property=\"og:site_name\" content=\"AIB\u0116\" \/>\n<meta property=\"article:modified_time\" content=\"2022-08-26T09:52:48+00:00\" \/>\n<meta name=\"twitter:card\" content=\"summary_large_image\" \/>\n<script type=\"application\/ld+json\" class=\"yoast-schema-graph\">{\"@context\":\"https:\/\/schema.org\",\"@graph\":[{\"@type\":\"WebPage\",\"@id\":\"https:\/\/aibe.lv\/par-mums\/kadel-klut-par-aibe-partneri\/\",\"url\":\"https:\/\/aibe.lv\/par-mums\/kadel-klut-par-aibe-partneri\/\",\"name\":\"Kod\u0117l verta tapti Aib\u0117s nariu | AIB\u0116\",\"isPartOf\":{\"@id\":\"https:\/\/aibe.lv\/#website\"},\"datePublished\":\"2020-01-22T11:59:38+00:00\",\"dateModified\":\"2022-08-26T09:52:48+00:00\",\"description\":\"Did\u017eiausias parduotuvi\u0173 skai\u010diumi Lietuvoje ir Latvijoje prekybos \u012fmoni\u0173 aljansas AIB\u0116, vienija daugiau nei 1400 parduotuvi\u0173 Lietuvoje ir Latvijoje.\",\"breadcrumb\":{\"@id\":\"https:\/\/aibe.lv\/par-mums\/kadel-klut-par-aibe-partneri\/#breadcrumb\"},\"inLanguage\":\"lt-LT\",\"potentialAction\":[{\"@type\":\"ReadAction\",\"target\":[\"https:\/\/aibe.lv\/par-mums\/kadel-klut-par-aibe-partneri\/\"]}]},{\"@type\":\"BreadcrumbList\",\"@id\":\"https:\/\/aibe.lv\/par-mums\/kadel-klut-par-aibe-partneri\/#breadcrumb\",\"itemListElement\":[{\"@type\":\"ListItem\",\"position\":1,\"name\":\"Home\",\"item\":\"https:\/\/aibe.lv\/lt\/\"},{\"@type\":\"ListItem\",\"position\":2,\"name\":\"Apie mus\",\"item\":\"https:\/\/aibe.lv\/par-mums\/\"},{\"@type\":\"ListItem\",\"position\":3,\"name\":\"Kod\u0117l verta tapti Aib\u0117s nariu\"}]},{\"@type\":\"WebSite\",\"@id\":\"https:\/\/aibe.lv\/#website\",\"url\":\"https:\/\/aibe.lv\/\",\"name\":\"AIB\u0116\",\"description\":\"J\u016bs\u0173 kaimynai!\",\"potentialAction\":[{\"@type\":\"SearchAction\",\"target\":{\"@type\":\"EntryPoint\",\"urlTemplate\":\"https:\/\/aibe.lv\/?s={search_term_string}\"},\"query-input\":{\"@type\":\"PropertyValueSpecification\",\"valueRequired\":true,\"valueName\":\"search_term_string\"}}],\"inLanguage\":\"lt-LT\"}]}<\/script>\n<!-- \/ Yoast SEO plugin. -->","yoast_head_json":{"title":"Kod\u0117l verta tapti Aib\u0117s nariu | AIB\u0116","description":"Did\u017eiausias parduotuvi\u0173 skai\u010diumi Lietuvoje ir Latvijoje prekybos \u012fmoni\u0173 aljansas AIB\u0116, vienija daugiau nei 1400 parduotuvi\u0173 Lietuvoje ir Latvijoje.","robots":{"index":"index","follow":"follow","max-snippet":"max-snippet:-1","max-image-preview":"max-image-preview:large","max-video-preview":"max-video-preview:-1"},"canonical":"https:\/\/aibe.lv\/par-mums\/kadel-klut-par-aibe-partneri\/","og_locale":"lt_LT","og_type":"article","og_title":"Kod\u0117l verta tapti Aib\u0117s nariu | AIB\u0116","og_description":"Did\u017eiausias parduotuvi\u0173 skai\u010diumi Lietuvoje ir Latvijoje prekybos \u012fmoni\u0173 aljansas AIB\u0116, vienija daugiau nei 1400 parduotuvi\u0173 Lietuvoje ir Latvijoje.","og_url":"https:\/\/aibe.lv\/par-mums\/kadel-klut-par-aibe-partneri\/","og_site_name":"AIB\u0116","article_modified_time":"2022-08-26T09:52:48+00:00","twitter_card":"summary_large_image","schema":{"@context":"https:\/\/schema.org","@graph":[{"@type":"WebPage","@id":"https:\/\/aibe.lv\/par-mums\/kadel-klut-par-aibe-partneri\/","url":"https:\/\/aibe.lv\/par-mums\/kadel-klut-par-aibe-partneri\/","name":"Kod\u0117l verta tapti Aib\u0117s nariu | AIB\u0116","isPartOf":{"@id":"https:\/\/aibe.lv\/#website"},"datePublished":"2020-01-22T11:59:38+00:00","dateModified":"2022-08-26T09:52:48+00:00","description":"Did\u017eiausias parduotuvi\u0173 skai\u010diumi Lietuvoje ir Latvijoje prekybos \u012fmoni\u0173 aljansas AIB\u0116, vienija daugiau nei 1400 parduotuvi\u0173 Lietuvoje ir Latvijoje.","breadcrumb":{"@id":"https:\/\/aibe.lv\/par-mums\/kadel-klut-par-aibe-partneri\/#breadcrumb"},"inLanguage":"lt-LT","potentialAction":[{"@type":"ReadAction","target":["https:\/\/aibe.lv\/par-mums\/kadel-klut-par-aibe-partneri\/"]}]},{"@type":"BreadcrumbList","@id":"https:\/\/aibe.lv\/par-mums\/kadel-klut-par-aibe-partneri\/#breadcrumb","itemListElement":[{"@type":"ListItem","position":1,"name":"Home","item":"https:\/\/aibe.lv\/lt\/"},{"@type":"ListItem","position":2,"name":"Apie mus","item":"https:\/\/aibe.lv\/par-mums\/"},{"@type":"ListItem","position":3,"name":"Kod\u0117l verta tapti Aib\u0117s nariu"}]},{"@type":"WebSite","@id":"https:\/\/aibe.lv\/#website","url":"https:\/\/aibe.lv\/","name":"AIB\u0116","description":"J\u016bs\u0173 kaimynai!","potentialAction":[{"@type":"SearchAction","target":{"@type":"EntryPoint","urlTemplate":"https:\/\/aibe.lv\/?s={search_term_string}"},"query-input":{"@type":"PropertyValueSpecification","valueRequired":true,"valueName":"search_term_string"}}],"inLanguage":"lt-LT"}]}},"_links":{"self":[{"href":"https:\/\/aibe.lv\/lt\/wp-json\/wp\/v2\/pages\/572","targetHints":{"allow":["GET"]}}],"collection":[{"href":"https:\/\/aibe.lv\/lt\/wp-json\/wp\/v2\/pages"}],"about":[{"href":"https:\/\/aibe.lv\/lt\/wp-json\/wp\/v2\/types\/page"}],"author":[{"embeddable":true,"href":"https:\/\/aibe.lv\/lt\/wp-json\/wp\/v2\/users\/1"}],"replies":[{"embeddable":true,"href":"https:\/\/aibe.lv\/lt\/wp-json\/wp\/v2\/comments?post=572"}],"version-history":[{"count":1,"href":"https:\/\/aibe.lv\/lt\/wp-json\/wp\/v2\/pages\/572\/revisions"}],"predecessor-version":[{"id":36827,"href":"https:\/\/aibe.lv\/lt\/wp-json\/wp\/v2\/pages\/572\/revisions\/36827"}],"up":[{"embeddable":true,"href":"https:\/\/aibe.lv\/lt\/wp-json\/wp\/v2\/pages\/493"}],"wp:attachment":[{"href":"https:\/\/aibe.lv\/lt\/wp-json\/wp\/v2\/media?parent=572"}],"curies":[{"name":"wp","href":"https:\/\/api.w.org\/{rel}","templated":true}]}}