
{"id":807,"date":"2020-02-07T08:33:24","date_gmt":"2020-02-07T08:33:24","guid":{"rendered":"https:\/\/test.aibe.lt\/?page_id=807"},"modified":"2021-01-06T15:19:23","modified_gmt":"2021-01-06T13:19:23","slug":"praktikanto-anketa","status":"publish","type":"page","link":"https:\/\/aibe.lv\/lt\/praktikanto-anketa\/","title":{"rendered":"Praktikanto anketa"},"content":{"rendered":"","protected":false},"excerpt":{"rendered":"","protected":false},"author":1,"featured_media":0,"parent":0,"menu_order":0,"comment_status":"closed","ping_status":"closed","template":"template-form.php","meta":{"_acf_changed":false,"footnotes":""},"class_list":["post-807","page","type-page","status-publish","hentry"],"acf":[],"yoast_head":"<!-- This site is optimized with the Yoast SEO plugin v27.2 - https:\/\/yoast.com\/product\/yoast-seo-wordpress\/ -->\n<title>Praktikanto anketa | AIB\u0116<\/title>\n<meta name=\"description\" content=\"Did\u017eiausias parduotuvi\u0173 skai\u010diumi Lietuvoje ir Latvijoje prekybos \u012fmoni\u0173 aljansas AIB\u0116, vienija daugiau nei 1400 parduotuvi\u0173 Lietuvoje ir Latvijoje.\" \/>\n<meta name=\"robots\" content=\"index, follow, max-snippet:-1, max-image-preview:large, max-video-preview:-1\" \/>\n<link rel=\"canonical\" href=\"https:\/\/aibe.lv\/lt\/praktikanto-anketa\/\" \/>\n<meta property=\"og:locale\" content=\"lt_LT\" \/>\n<meta property=\"og:type\" content=\"article\" \/>\n<meta property=\"og:title\" content=\"Praktikanto anketa | AIB\u0116\" \/>\n<meta property=\"og:description\" content=\"Did\u017eiausias parduotuvi\u0173 skai\u010diumi Lietuvoje ir Latvijoje prekybos \u012fmoni\u0173 aljansas AIB\u0116, vienija daugiau nei 1400 parduotuvi\u0173 Lietuvoje ir Latvijoje.\" \/>\n<meta property=\"og:url\" content=\"https:\/\/aibe.lv\/lt\/praktikanto-anketa\/\" \/>\n<meta property=\"og:site_name\" content=\"AIB\u0116\" \/>\n<meta property=\"article:modified_time\" content=\"2021-01-06T13:19:23+00:00\" \/>\n<meta name=\"twitter:card\" content=\"summary_large_image\" \/>\n<script type=\"application\/ld+json\" class=\"yoast-schema-graph\">{\"@context\":\"https:\/\/schema.org\",\"@graph\":[{\"@type\":\"WebPage\",\"@id\":\"https:\/\/aibe.lv\/lt\/praktikanto-anketa\/\",\"url\":\"https:\/\/aibe.lv\/lt\/praktikanto-anketa\/\",\"name\":\"Praktikanto anketa | AIB\u0116\",\"isPartOf\":{\"@id\":\"https:\/\/aibe.lv\/#website\"},\"datePublished\":\"2020-02-07T08:33:24+00:00\",\"dateModified\":\"2021-01-06T13:19:23+00:00\",\"description\":\"Did\u017eiausias parduotuvi\u0173 skai\u010diumi Lietuvoje ir Latvijoje prekybos \u012fmoni\u0173 aljansas AIB\u0116, vienija daugiau nei 1400 parduotuvi\u0173 Lietuvoje ir Latvijoje.\",\"breadcrumb\":{\"@id\":\"https:\/\/aibe.lv\/lt\/praktikanto-anketa\/#breadcrumb\"},\"inLanguage\":\"lt-LT\",\"potentialAction\":[{\"@type\":\"ReadAction\",\"target\":[\"https:\/\/aibe.lv\/lt\/praktikanto-anketa\/\"]}]},{\"@type\":\"BreadcrumbList\",\"@id\":\"https:\/\/aibe.lv\/lt\/praktikanto-anketa\/#breadcrumb\",\"itemListElement\":[{\"@type\":\"ListItem\",\"position\":1,\"name\":\"Home\",\"item\":\"https:\/\/aibe.lv\/lt\/\"},{\"@type\":\"ListItem\",\"position\":2,\"name\":\"Praktikanto anketa\"}]},{\"@type\":\"WebSite\",\"@id\":\"https:\/\/aibe.lv\/#website\",\"url\":\"https:\/\/aibe.lv\/\",\"name\":\"AIB\u0116\",\"description\":\"J\u016bs\u0173 kaimynai!\",\"potentialAction\":[{\"@type\":\"SearchAction\",\"target\":{\"@type\":\"EntryPoint\",\"urlTemplate\":\"https:\/\/aibe.lv\/?s={search_term_string}\"},\"query-input\":{\"@type\":\"PropertyValueSpecification\",\"valueRequired\":true,\"valueName\":\"search_term_string\"}}],\"inLanguage\":\"lt-LT\"}]}<\/script>\n<!-- \/ Yoast SEO plugin. -->","yoast_head_json":{"title":"Praktikanto anketa | AIB\u0116","description":"Did\u017eiausias parduotuvi\u0173 skai\u010diumi Lietuvoje ir Latvijoje prekybos \u012fmoni\u0173 aljansas AIB\u0116, vienija daugiau nei 1400 parduotuvi\u0173 Lietuvoje ir Latvijoje.","robots":{"index":"index","follow":"follow","max-snippet":"max-snippet:-1","max-image-preview":"max-image-preview:large","max-video-preview":"max-video-preview:-1"},"canonical":"https:\/\/aibe.lv\/lt\/praktikanto-anketa\/","og_locale":"lt_LT","og_type":"article","og_title":"Praktikanto anketa | AIB\u0116","og_description":"Did\u017eiausias parduotuvi\u0173 skai\u010diumi Lietuvoje ir Latvijoje prekybos \u012fmoni\u0173 aljansas AIB\u0116, vienija daugiau nei 1400 parduotuvi\u0173 Lietuvoje ir Latvijoje.","og_url":"https:\/\/aibe.lv\/lt\/praktikanto-anketa\/","og_site_name":"AIB\u0116","article_modified_time":"2021-01-06T13:19:23+00:00","twitter_card":"summary_large_image","schema":{"@context":"https:\/\/schema.org","@graph":[{"@type":"WebPage","@id":"https:\/\/aibe.lv\/lt\/praktikanto-anketa\/","url":"https:\/\/aibe.lv\/lt\/praktikanto-anketa\/","name":"Praktikanto anketa | AIB\u0116","isPartOf":{"@id":"https:\/\/aibe.lv\/#website"},"datePublished":"2020-02-07T08:33:24+00:00","dateModified":"2021-01-06T13:19:23+00:00","description":"Did\u017eiausias parduotuvi\u0173 skai\u010diumi Lietuvoje ir Latvijoje prekybos \u012fmoni\u0173 aljansas AIB\u0116, vienija daugiau nei 1400 parduotuvi\u0173 Lietuvoje ir Latvijoje.","breadcrumb":{"@id":"https:\/\/aibe.lv\/lt\/praktikanto-anketa\/#breadcrumb"},"inLanguage":"lt-LT","potentialAction":[{"@type":"ReadAction","target":["https:\/\/aibe.lv\/lt\/praktikanto-anketa\/"]}]},{"@type":"BreadcrumbList","@id":"https:\/\/aibe.lv\/lt\/praktikanto-anketa\/#breadcrumb","itemListElement":[{"@type":"ListItem","position":1,"name":"Home","item":"https:\/\/aibe.lv\/lt\/"},{"@type":"ListItem","position":2,"name":"Praktikanto anketa"}]},{"@type":"WebSite","@id":"https:\/\/aibe.lv\/#website","url":"https:\/\/aibe.lv\/","name":"AIB\u0116","description":"J\u016bs\u0173 kaimynai!","potentialAction":[{"@type":"SearchAction","target":{"@type":"EntryPoint","urlTemplate":"https:\/\/aibe.lv\/?s={search_term_string}"},"query-input":{"@type":"PropertyValueSpecification","valueRequired":true,"valueName":"search_term_string"}}],"inLanguage":"lt-LT"}]}},"_links":{"self":[{"href":"https:\/\/aibe.lv\/lt\/wp-json\/wp\/v2\/pages\/807","targetHints":{"allow":["GET"]}}],"collection":[{"href":"https:\/\/aibe.lv\/lt\/wp-json\/wp\/v2\/pages"}],"about":[{"href":"https:\/\/aibe.lv\/lt\/wp-json\/wp\/v2\/types\/page"}],"author":[{"embeddable":true,"href":"https:\/\/aibe.lv\/lt\/wp-json\/wp\/v2\/users\/1"}],"replies":[{"embeddable":true,"href":"https:\/\/aibe.lv\/lt\/wp-json\/wp\/v2\/comments?post=807"}],"version-history":[{"count":0,"href":"https:\/\/aibe.lv\/lt\/wp-json\/wp\/v2\/pages\/807\/revisions"}],"wp:attachment":[{"href":"https:\/\/aibe.lv\/lt\/wp-json\/wp\/v2\/media?parent=807"}],"curies":[{"name":"wp","href":"https:\/\/api.w.org\/{rel}","templated":true}]}}